{"id":5574,"date":"2016-12-03T15:44:41","date_gmt":"2016-12-03T15:44:41","guid":{"rendered":"https:\/\/demo.wpzoom.com\/inspiro\/?page_id=5574"},"modified":"2026-03-30T18:27:08","modified_gmt":"2026-03-30T18:27:08","slug":"services","status":"publish","type":"page","link":"https:\/\/egmbimgroup.com\/index.php\/services\/","title":{"rendered":"Servicios"},"content":{"rendered":"\t\t<div data-elementor-type=\"wp-page\" data-elementor-id=\"5574\" class=\"elementor elementor-5574\" data-elementor-post-type=\"page\">\n\t\t\t\t\t\t<section class=\"elementor-section elementor-top-section elementor-element elementor-element-3eca0ae elementor-section-boxed elementor-section-height-default elementor-section-height-default\" data-id=\"3eca0ae\" data-element_type=\"section\" data-e-type=\"section\" data-settings=\"{&quot;background_background&quot;:&quot;classic&quot;}\">\n\t\t\t\t\t\t<div class=\"elementor-container elementor-column-gap-default\">\n\t\t\t\t\t<div class=\"elementor-column elementor-col-33 elementor-top-column elementor-element elementor-element-6162302\" data-id=\"6162302\" data-element_type=\"column\" data-e-type=\"column\" data-settings=\"{&quot;background_background&quot;:&quot;classic&quot;}\">\n\t\t\t<div class=\"elementor-widget-wrap elementor-element-populated\">\n\t\t\t\t\t<div class=\"elementor-background-overlay\"><\/div>\n\t\t\t\t\t\t<div class=\"elementor-element elementor-element-e529673 elementor-widget elementor-widget-menu-anchor\" data-id=\"e529673\" data-element_type=\"widget\" data-e-type=\"widget\" data-widget_type=\"menu-anchor.default\">\n\t\t\t\t\t\t\t<div class=\"elementor-menu-anchor\" id=\"A-1\"><\/div>\n\t\t\t\t\t\t<\/div>\n\t\t\t\t<div class=\"elementor-element elementor-element-682709e elementor-widget elementor-widget-heading\" data-id=\"682709e\" data-element_type=\"widget\" data-e-type=\"widget\" data-widget_type=\"heading.default\">\n\t\t\t\t\t<h2 class=\"elementor-heading-title elementor-size-default\">TOPOGRAF\u00cdA<\/h2>\t\t\t\t<\/div>\n\t\t\t\t<div class=\"elementor-element elementor-element-60a82ba elementor-widget elementor-widget-text-editor\" data-id=\"60a82ba\" data-element_type=\"widget\" data-e-type=\"widget\" data-widget_type=\"text-editor.default\">\n\t\t\t\t\t\t\t\t\t<p><b>Informaci\u00f3n precisa para decisiones correctas.<\/b><\/p><p>Realizamos relevamientos topogr\u00e1ficos y control geom\u00e9trico para proyectos de construcci\u00f3n, infraestructura y desarrollo territorial.\u00a0<\/p><p>Servicios principales:\u00a0<\/p><ul><li>Relevamientos topogr\u00e1ficos<\/li><li>Modelos digitales de terreno<\/li><li>Control y replanteo de obra\u00a0<\/li><li>Procesamiento de datos GNSS\u00a0<\/li><li>Soporte topogr\u00e1fico para obra civil y vial<\/li><\/ul>\t\t\t\t\t\t\t\t<\/div>\n\t\t\t\t\t<\/div>\n\t\t<\/div>\n\t\t\t\t<div class=\"elementor-column elementor-col-33 elementor-top-column elementor-element elementor-element-05dce95\" data-id=\"05dce95\" data-element_type=\"column\" data-e-type=\"column\" data-settings=\"{&quot;background_background&quot;:&quot;classic&quot;}\">\n\t\t\t<div class=\"elementor-widget-wrap elementor-element-populated\">\n\t\t\t\t\t<div class=\"elementor-background-overlay\"><\/div>\n\t\t\t\t\t\t<div class=\"elementor-element elementor-element-1a9e274 elementor-widget elementor-widget-menu-anchor\" data-id=\"1a9e274\" data-element_type=\"widget\" data-e-type=\"widget\" data-widget_type=\"menu-anchor.default\">\n\t\t\t\t\t\t\t<div class=\"elementor-menu-anchor\" id=\"A-2\"><\/div>\n\t\t\t\t\t\t<\/div>\n\t\t\t\t<div class=\"elementor-element elementor-element-da15b1e elementor-widget elementor-widget-heading\" data-id=\"da15b1e\" data-element_type=\"widget\" data-e-type=\"widget\" data-widget_type=\"heading.default\">\n\t\t\t\t\t<h2 class=\"elementor-heading-title elementor-size-default\">INGENIER\u00cdA<\/h2>\t\t\t\t<\/div>\n\t\t\t\t<div class=\"elementor-element elementor-element-ac7ffca elementor-widget elementor-widget-text-editor\" data-id=\"ac7ffca\" data-element_type=\"widget\" data-e-type=\"widget\" data-widget_type=\"text-editor.default\">\n\t\t\t\t\t\t\t\t\t<p><b>Soluciones t\u00e9cnicas para proyectos complejos.\u00a0<\/b><\/p>\n<p>Desarrollamos ingenier\u00eda aplicada a proyectos de infraestructura, planificaci\u00f3n y optimizaci\u00f3n de procesos constructivos.\u00a0<\/p>\n<p>Servicios principales:\u00a0<\/p>\n<ul>\n<li>\u00a0Ingenier\u00eda civil e infraestructura<\/li>\n<li>Proyectos ejecutivos\u00a0<\/li>\n<li>Planificaci\u00f3n t\u00e9cnica\u00a0<\/li>\n<li>Optimizaci\u00f3n de procesos constructivos<\/li>\n<\/ul>\t\t\t\t\t\t\t\t<\/div>\n\t\t\t\t\t<\/div>\n\t\t<\/div>\n\t\t\t\t<div class=\"elementor-column elementor-col-33 elementor-top-column elementor-element elementor-element-a4400ff\" data-id=\"a4400ff\" data-element_type=\"column\" data-e-type=\"column\" data-settings=\"{&quot;background_background&quot;:&quot;classic&quot;}\">\n\t\t\t<div class=\"elementor-widget-wrap elementor-element-populated\">\n\t\t\t\t\t<div class=\"elementor-background-overlay\"><\/div>\n\t\t\t\t\t\t<div class=\"elementor-element elementor-element-7a30cec elementor-widget elementor-widget-menu-anchor\" data-id=\"7a30cec\" data-element_type=\"widget\" data-e-type=\"widget\" data-widget_type=\"menu-anchor.default\">\n\t\t\t\t\t\t\t<div class=\"elementor-menu-anchor\" id=\"A-3\"><\/div>\n\t\t\t\t\t\t<\/div>\n\t\t\t\t<div class=\"elementor-element elementor-element-6608686 elementor-widget elementor-widget-heading\" data-id=\"6608686\" data-element_type=\"widget\" data-e-type=\"widget\" data-widget_type=\"heading.default\">\n\t\t\t\t\t<h2 class=\"elementor-heading-title elementor-size-default\">METODOLOG\u00cdA BIM<\/h2>\t\t\t\t<\/div>\n\t\t\t\t<div class=\"elementor-element elementor-element-f3e42ea elementor-widget elementor-widget-text-editor\" data-id=\"f3e42ea\" data-element_type=\"widget\" data-e-type=\"widget\" data-widget_type=\"text-editor.default\">\n\t\t\t\t\t\t\t\t\t<p><b>Transformamos informaci\u00f3n en inteligencia para la construcci\u00f3n.<\/b><\/p>\n<p>\u00a0Aplicamos metodolog\u00edas Building Information Modeling (BIM) para mejorar la coordinaci\u00f3n, la planificaci\u00f3n y la gesti\u00f3n de la informaci\u00f3n en proyectos de construcci\u00f3n.\u00a0<\/p>\n<p>Servicios principales:<\/p>\n<ul>\n<li>Modelado BIM\u00a0<\/li>\n<li>Coordinaci\u00f3n de proyectos<\/li>\n<li>Implementaci\u00f3n BIM en empresas<\/li>\n<li>Gesti\u00f3n de informaci\u00f3n de proyectos<\/li>\n<li>Consultor\u00eda BIM<\/li>\n<\/ul>\t\t\t\t\t\t\t\t<\/div>\n\t\t\t\t\t<\/div>\n\t\t<\/div>\n\t\t\t\t\t<\/div>\n\t\t<\/section>\n\t\t\t\t<section class=\"elementor-section elementor-top-section elementor-element elementor-element-7d1bb2b3 elementor-section-boxed elementor-section-height-default elementor-section-height-default\" data-id=\"7d1bb2b3\" data-element_type=\"section\" data-e-type=\"section\" data-settings=\"{&quot;background_background&quot;:&quot;classic&quot;}\">\n\t\t\t\t\t\t<div class=\"elementor-container elementor-column-gap-default\">\n\t\t\t\t\t<div class=\"elementor-column elementor-col-33 elementor-top-column elementor-element elementor-element-2712b0ed\" data-id=\"2712b0ed\" data-element_type=\"column\" data-e-type=\"column\" data-settings=\"{&quot;background_background&quot;:&quot;classic&quot;}\">\n\t\t\t<div class=\"elementor-widget-wrap elementor-element-populated\">\n\t\t\t\t\t<div class=\"elementor-background-overlay\"><\/div>\n\t\t\t\t\t\t<div class=\"elementor-element elementor-element-346ece7 elementor-widget elementor-widget-image\" data-id=\"346ece7\" data-element_type=\"widget\" data-e-type=\"widget\" data-widget_type=\"image.default\">\n\t\t\t\t\t\t\t\t\t\t\t\t\t\t\t<img fetchpriority=\"high\" decoding=\"async\" width=\"950\" height=\"243\" src=\"https:\/\/egmbimgroup.com\/wp-content\/uploads\/2026\/03\/Logo-de-TU-BIG-DATA-2-e1774894826288-1024x262.png\" class=\"attachment-large size-large wp-image-7635\" alt=\"\" srcset=\"https:\/\/egmbimgroup.com\/wp-content\/uploads\/2026\/03\/Logo-de-TU-BIG-DATA-2-e1774894826288-1024x262.png 1024w, https:\/\/egmbimgroup.com\/wp-content\/uploads\/2026\/03\/Logo-de-TU-BIG-DATA-2-e1774894826288-300x77.png 300w, https:\/\/egmbimgroup.com\/wp-content\/uploads\/2026\/03\/Logo-de-TU-BIG-DATA-2-e1774894826288-600x154.png 600w, https:\/\/egmbimgroup.com\/wp-content\/uploads\/2026\/03\/Logo-de-TU-BIG-DATA-2-e1774894826288-768x196.png 768w, https:\/\/egmbimgroup.com\/wp-content\/uploads\/2026\/03\/Logo-de-TU-BIG-DATA-2-e1774894826288.png 1110w\" sizes=\"100vw\" \/>\t\t\t\t\t\t\t\t\t\t\t\t\t\t\t<\/div>\n\t\t\t\t<div class=\"elementor-element elementor-element-5580f05 elementor-widget elementor-widget-menu-anchor\" data-id=\"5580f05\" data-element_type=\"widget\" data-e-type=\"widget\" data-widget_type=\"menu-anchor.default\">\n\t\t\t\t\t\t\t<div class=\"elementor-menu-anchor\" id=\"A-4\"><\/div>\n\t\t\t\t\t\t<\/div>\n\t\t\t\t<div class=\"elementor-element elementor-element-cddbd47 elementor-widget elementor-widget-heading\" data-id=\"cddbd47\" data-element_type=\"widget\" data-e-type=\"widget\" data-widget_type=\"heading.default\">\n\t\t\t\t\t<h2 class=\"elementor-heading-title elementor-size-default\">GESTI\u00d3N INTEGRADA<\/h2>\t\t\t\t<\/div>\n\t\t\t\t<div class=\"elementor-element elementor-element-6470ee84 elementor-widget elementor-widget-text-editor\" data-id=\"6470ee84\" data-element_type=\"widget\" data-e-type=\"widget\" data-widget_type=\"text-editor.default\">\n\t\t\t\t\t\t\t\t\t<p><b>Control operativo en una sola plataforma.<\/b>\u00a0<\/p>\n<p>Desarrollamos soluciones digitales para el control y gesti\u00f3n de recursos operativos en empresas de distintos sectores productivos.\u00a0\u00a0<\/p>\n<p>M\u00f3dulos disponibles:<\/p>\n<ul>\n<li>Control de combustible<\/li>\n<li>\u00a0Gesti\u00f3n de stock<\/li>\n<li>Control de maquinaria<\/li>\n<li>\u00a0Gesti\u00f3n de personal<\/li>\n<li>Mantenimiento de equipos\u00a0<\/li>\n<li>Control de obra y producci\u00f3n<\/li>\n<\/ul>\n<p>Estas herramientas est\u00e1n dise\u00f1adas para empresas que necesitan informaci\u00f3n clara y en tiempo real sobre sus operaciones.<\/p>\t\t\t\t\t\t\t\t<\/div>\n\t\t\t\t\t<\/div>\n\t\t<\/div>\n\t\t\t\t<div class=\"elementor-column elementor-col-33 elementor-top-column elementor-element elementor-element-46e00fe\" data-id=\"46e00fe\" data-element_type=\"column\" data-e-type=\"column\" data-settings=\"{&quot;background_background&quot;:&quot;classic&quot;}\">\n\t\t\t<div class=\"elementor-widget-wrap elementor-element-populated\">\n\t\t\t\t\t<div class=\"elementor-background-overlay\"><\/div>\n\t\t\t\t\t\t<div class=\"elementor-element elementor-element-a6ba066 elementor-widget elementor-widget-image\" data-id=\"a6ba066\" data-element_type=\"widget\" data-e-type=\"widget\" data-widget_type=\"image.default\">\n\t\t\t\t\t\t\t\t\t\t\t\t\t\t\t<img decoding=\"async\" width=\"950\" height=\"230\" src=\"https:\/\/egmbimgroup.com\/wp-content\/uploads\/2026\/03\/logo-geosbim-2-1024x248.jpg\" class=\"attachment-large size-large wp-image-7609\" alt=\"\" srcset=\"https:\/\/egmbimgroup.com\/wp-content\/uploads\/2026\/03\/logo-geosbim-2-1024x248.jpg 1024w, https:\/\/egmbimgroup.com\/wp-content\/uploads\/2026\/03\/logo-geosbim-2-300x73.jpg 300w, https:\/\/egmbimgroup.com\/wp-content\/uploads\/2026\/03\/logo-geosbim-2-600x145.jpg 600w, https:\/\/egmbimgroup.com\/wp-content\/uploads\/2026\/03\/logo-geosbim-2.jpg 1071w\" sizes=\"100vw\" \/>\t\t\t\t\t\t\t\t\t\t\t\t\t\t\t<\/div>\n\t\t\t\t<div class=\"elementor-element elementor-element-88e02d7 elementor-widget elementor-widget-menu-anchor\" data-id=\"88e02d7\" data-element_type=\"widget\" data-e-type=\"widget\" data-widget_type=\"menu-anchor.default\">\n\t\t\t\t\t\t\t<div class=\"elementor-menu-anchor\" id=\"A-5\"><\/div>\n\t\t\t\t\t\t<\/div>\n\t\t\t\t<div class=\"elementor-element elementor-element-324577b elementor-widget elementor-widget-heading\" data-id=\"324577b\" data-element_type=\"widget\" data-e-type=\"widget\" data-widget_type=\"heading.default\">\n\t\t\t\t\t<h2 class=\"elementor-heading-title elementor-size-default\">GERENCIAMIENTO DE PROYECTOS<\/h2>\t\t\t\t<\/div>\n\t\t\t\t<div class=\"elementor-element elementor-element-4dabc19f elementor-widget elementor-widget-text-editor\" data-id=\"4dabc19f\" data-element_type=\"widget\" data-e-type=\"widget\" data-widget_type=\"text-editor.default\">\n\t\t\t\t\t\t\t\t\t<p><b>Planificaci\u00f3n estrat\u00e9gica de proyecto.<\/b><\/p><p>Gestionamos integralmente proyectos de ingenier\u00eda y construcci\u00f3n, coordinando equipos, recursos y metodolog\u00edas BIM para asegurar resultados eficientes y controlados.<\/p><p>Servicios principales:<\/p><ul><li>Coordinaci\u00f3n t\u00e9cnica entre disciplinas<\/li><li>Control de plazos, costos y recursos<\/li><li>Gesti\u00f3n de contratos y contratistas<\/li><li>Supervisi\u00f3n y seguimiento de obra<\/li><li>Integraci\u00f3n de metodolog\u00edas BIM en la gesti\u00f3n del proyecto<\/li><li>Reportes y control mediante herramientas digitales<\/li><\/ul>\t\t\t\t\t\t\t\t<\/div>\n\t\t\t\t\t<\/div>\n\t\t<\/div>\n\t\t\t\t<div class=\"elementor-column elementor-col-33 elementor-top-column elementor-element elementor-element-ea6e38b\" data-id=\"ea6e38b\" data-element_type=\"column\" data-e-type=\"column\" data-settings=\"{&quot;background_background&quot;:&quot;classic&quot;}\">\n\t\t\t<div class=\"elementor-widget-wrap elementor-element-populated\">\n\t\t\t\t\t<div class=\"elementor-background-overlay\"><\/div>\n\t\t\t\t\t\t<div class=\"elementor-element elementor-element-7d909eb elementor-widget elementor-widget-menu-anchor\" data-id=\"7d909eb\" data-element_type=\"widget\" data-e-type=\"widget\" data-widget_type=\"menu-anchor.default\">\n\t\t\t\t\t\t\t<div class=\"elementor-menu-anchor\" id=\"A-6\"><\/div>\n\t\t\t\t\t\t<\/div>\n\t\t\t\t<div class=\"elementor-element elementor-element-b4b63fe elementor-widget elementor-widget-heading\" data-id=\"b4b63fe\" data-element_type=\"widget\" data-e-type=\"widget\" data-widget_type=\"heading.default\">\n\t\t\t\t\t<h2 class=\"elementor-heading-title elementor-size-default\">EGM ACADEMY<\/h2>\t\t\t\t<\/div>\n\t\t\t\t<div class=\"elementor-element elementor-element-65503611 elementor-widget elementor-widget-text-editor\" data-id=\"65503611\" data-element_type=\"widget\" data-e-type=\"widget\" data-widget_type=\"text-editor.default\">\n\t\t\t\t\t\t\t\t\t<p><b>Formaci\u00f3n t\u00e9cnica para la nueva generaci\u00f3n de profesionales.<\/b><\/p>\n<p>\u00a0Estamos desarrollando EGM Academy, un espacio de capacitaci\u00f3n orientado a profesionales y empresas que buscan incorporar herramientas digitales y metodolog\u00edas modernas en sus procesos.\u00a0<\/p>\n<p>Cursos y programas:<\/p>\t\t\t\t\t\t\t\t<\/div>\n\t\t\t\t\t<\/div>\n\t\t<\/div>\n\t\t\t\t\t<\/div>\n\t\t<\/section>\n\t\t\t\t<section class=\"elementor-section elementor-top-section elementor-element elementor-element-15fa8825 elementor-section-boxed elementor-section-height-default elementor-section-height-default\" data-id=\"15fa8825\" data-element_type=\"section\" data-e-type=\"section\" data-settings=\"{&quot;background_background&quot;:&quot;classic&quot;}\">\n\t\t\t\t\t\t<div class=\"elementor-container elementor-column-gap-no\">\n\t\t\t\t\t<div class=\"elementor-column elementor-col-100 elementor-top-column elementor-element elementor-element-28bbf67e\" data-id=\"28bbf67e\" data-element_type=\"column\" data-e-type=\"column\">\n\t\t\t<div class=\"elementor-widget-wrap elementor-element-populated\">\n\t\t\t\t\t\t<section class=\"elementor-section elementor-inner-section elementor-element elementor-element-3db3d087 elementor-section-full_width elementor-section-height-default elementor-section-height-default\" data-id=\"3db3d087\" data-element_type=\"section\" data-e-type=\"section\">\n\t\t\t\t\t\t<div class=\"elementor-container elementor-column-gap-no\">\n\t\t\t\t\t<div class=\"elementor-column elementor-col-100 elementor-inner-column elementor-element elementor-element-aaf2427\" data-id=\"aaf2427\" data-element_type=\"column\" data-e-type=\"column\">\n\t\t\t<div class=\"elementor-widget-wrap elementor-element-populated\">\n\t\t\t\t\t\t<div class=\"elementor-element elementor-element-5c30ef30 elementor-widget elementor-widget-text-editor\" data-id=\"5c30ef30\" data-element_type=\"widget\" data-e-type=\"widget\" data-widget_type=\"text-editor.default\">\n\t\t\t\t\t\t\t\t\t<h3 style=\"text-align: center;\"><span style=\"color: #ffffff;\"><strong data-start=\"831\" data-end=\"864\">\u00bfTienes un proyecto en mente?<\/strong><\/span><br data-start=\"864\" data-end=\"867\" \/><span style=\"color: #ffffff;\"><strong data-start=\"867\" data-end=\"880\">Hablemos.<\/strong><\/span><\/h3>\t\t\t\t\t\t\t\t<\/div>\n\t\t\t\t<div class=\"elementor-element elementor-element-244df580 elementor-align-center elementor-widget elementor-widget-button\" data-id=\"244df580\" data-element_type=\"widget\" data-e-type=\"widget\" data-widget_type=\"button.default\">\n\t\t\t\t\t\t\t\t\t\t<a class=\"elementor-button elementor-button-link elementor-size-md\" href=\"https:\/\/egmbimgroup.com\/index.php\/contact\/\">\n\t\t\t\t\t\t<span class=\"elementor-button-content-wrapper\">\n\t\t\t\t\t\t\t\t\t<span class=\"elementor-button-text\">CONT\u00c1CTANOS<\/span>\n\t\t\t\t\t<\/span>\n\t\t\t\t\t<\/a>\n\t\t\t\t\t\t\t\t<\/div>\n\t\t\t\t\t<\/div>\n\t\t<\/div>\n\t\t\t\t\t<\/div>\n\t\t<\/section>\n\t\t\t\t\t<\/div>\n\t\t<\/div>\n\t\t\t\t\t<\/div>\n\t\t<\/section>\n\t\t\t\t<\/div>\n\t\t","protected":false},"excerpt":{"rendered":"<p>TOPOGRAF\u00cdA Informaci\u00f3n precisa para decisiones correctas. Realizamos relevamientos topogr\u00e1ficos y control geom\u00e9trico para proyectos de construcci\u00f3n, infraestructura y desarrollo territorial.\u00a0 Servicios principales:\u00a0 Relevamientos topogr\u00e1ficos Modelos digitales de terreno Control y replanteo de obra\u00a0 Procesamiento de datos GNSS\u00a0 Soporte topogr\u00e1fico para obra civil y vial INGENIER\u00cdA Soluciones t\u00e9cnicas para proyectos complejos.\u00a0 Desarrollamos ingenier\u00eda aplicada a proyectos &hellip; <\/p>\n<p class=\"link-more\"><a href=\"https:\/\/egmbimgroup.com\/index.php\/services\/\" class=\"more-link\">Read more<span class=\"screen-reader-text\"> &#8220;Servicios&#8221;<\/span><\/a><\/p>\n","protected":false},"author":2,"featured_media":0,"parent":0,"menu_order":0,"comment_status":"closed","ping_status":"closed","template":"","meta":{"_themeisle_gutenberg_block_has_review":false,"inspiro_hide_title":true,"footnotes":""},"class_list":["post-5574","page","type-page","status-publish","hentry"],"featured_media_urls":[],"_links":{"self":[{"href":"https:\/\/egmbimgroup.com\/index.php\/wp-json\/wp\/v2\/pages\/5574","targetHints":{"allow":["GET"]}}],"collection":[{"href":"https:\/\/egmbimgroup.com\/index.php\/wp-json\/wp\/v2\/pages"}],"about":[{"href":"https:\/\/egmbimgroup.com\/index.php\/wp-json\/wp\/v2\/types\/page"}],"author":[{"embeddable":true,"href":"https:\/\/egmbimgroup.com\/index.php\/wp-json\/wp\/v2\/users\/2"}],"replies":[{"embeddable":true,"href":"https:\/\/egmbimgroup.com\/index.php\/wp-json\/wp\/v2\/comments?post=5574"}],"version-history":[{"count":101,"href":"https:\/\/egmbimgroup.com\/index.php\/wp-json\/wp\/v2\/pages\/5574\/revisions"}],"predecessor-version":[{"id":7650,"href":"https:\/\/egmbimgroup.com\/index.php\/wp-json\/wp\/v2\/pages\/5574\/revisions\/7650"}],"wp:attachment":[{"href":"https:\/\/egmbimgroup.com\/index.php\/wp-json\/wp\/v2\/media?parent=5574"}],"curies":[{"name":"wp","href":"https:\/\/api.w.org\/{rel}","templated":true}]}}